{"id":9253,"date":"2022-05-17T18:49:33","date_gmt":"2022-05-17T18:49:33","guid":{"rendered":"https:\/\/kalapitaprod.com\/productor\/"},"modified":"2022-10-26T10:09:19","modified_gmt":"2022-10-26T10:09:19","slug":"productor","status":"publish","type":"page","link":"https:\/\/kalapitaprod.com\/es\/productor\/","title":{"rendered":"Productor"},"content":{"rendered":"\t\t<div data-elementor-type=\"wp-page\" data-elementor-id=\"9253\" class=\"elementor elementor-9253 elementor-8520\">\n\t\t\t\t\t\t<section class=\"elementor-section elementor-top-section elementor-element elementor-element-1b8191a8 elementor-section-full_width elementor-section-height-default elementor-section-height-default qodef-elementor-content-no\" data-id=\"1b8191a8\" data-element_type=\"section\" data-e-type=\"section\">\n\t\t\t\t\t\t<div class=\"elementor-container elementor-column-gap-default\">\n\t\t\t\t\t<div class=\"elementor-column elementor-col-100 elementor-top-column elementor-element elementor-element-30088dc6\" data-id=\"30088dc6\" data-element_type=\"column\" data-e-type=\"column\">\n\t\t\t<div class=\"elementor-widget-wrap elementor-element-populated\">\n\t\t\t\t\t\t<div class=\"elementor-element elementor-element-4085e78a elementor-widget elementor-widget-image\" data-id=\"4085e78a\" data-element_type=\"widget\" data-e-type=\"widget\" data-widget_type=\"image.default\">\n\t\t\t\t<div class=\"elementor-widget-container\">\n\t\t\t\t\t\t\t\t\t\t\t\t\t\t\t<img fetchpriority=\"high\" decoding=\"async\" width=\"2560\" height=\"1707\" src=\"https:\/\/kalapitaprod.com\/wp-content\/uploads\/2022\/10\/XT15344-scaled.jpg\" class=\"attachment-full size-full wp-image-9775\" alt=\"\" srcset=\"https:\/\/kalapitaprod.com\/wp-content\/uploads\/2022\/10\/XT15344-scaled.jpg 2560w, https:\/\/kalapitaprod.com\/wp-content\/uploads\/2022\/10\/XT15344-300x200.jpg 300w, https:\/\/kalapitaprod.com\/wp-content\/uploads\/2022\/10\/XT15344-1024x683.jpg 1024w, https:\/\/kalapitaprod.com\/wp-content\/uploads\/2022\/10\/XT15344-768x512.jpg 768w, https:\/\/kalapitaprod.com\/wp-content\/uploads\/2022\/10\/XT15344-1536x1024.jpg 1536w, https:\/\/kalapitaprod.com\/wp-content\/uploads\/2022\/10\/XT15344-2048x1365.jpg 2048w, https:\/\/kalapitaprod.com\/wp-content\/uploads\/2022\/10\/XT15344-600x400.jpg 600w\" sizes=\"(max-width: 2560px) 100vw, 2560px\" \/>\t\t\t\t\t\t\t\t\t\t\t\t\t\t\t<\/div>\n\t\t\t\t<\/div>\n\t\t\t\t\t<\/div>\n\t\t<\/div>\n\t\t\t\t\t<\/div>\n\t\t<\/section>\n\t\t\t\t<section class=\"elementor-section elementor-top-section elementor-element elementor-element-2e4b70ae elementor-section-full_width qodef-elementor-content-grid elementor-section-height-default elementor-section-height-default\" data-id=\"2e4b70ae\" data-element_type=\"section\" data-e-type=\"section\">\n\t\t\t\t\t\t<div class=\"elementor-container elementor-column-gap-no\">\n\t\t\t\t\t<div class=\"elementor-column elementor-col-100 elementor-top-column elementor-element elementor-element-31939016\" data-id=\"31939016\" data-element_type=\"column\" data-e-type=\"column\">\n\t\t\t<div class=\"elementor-widget-wrap elementor-element-populated\">\n\t\t\t\t\t\t<section class=\"elementor-section elementor-inner-section elementor-element elementor-element-520064f0 elementor-section-full_width elementor-section-height-default elementor-section-height-default qodef-elementor-content-no\" data-id=\"520064f0\" data-element_type=\"section\" data-e-type=\"section\">\n\t\t\t\t\t\t<div class=\"elementor-container elementor-column-gap-no\">\n\t\t\t\t\t<div class=\"elementor-column elementor-col-50 elementor-inner-column elementor-element elementor-element-c4d355b\" data-id=\"c4d355b\" data-element_type=\"column\" data-e-type=\"column\">\n\t\t\t<div class=\"elementor-widget-wrap elementor-element-populated\">\n\t\t\t\t\t\t<div class=\"elementor-element elementor-element-5beb164f elementor-widget elementor-widget-roux_core_section_title\" data-id=\"5beb164f\" data-element_type=\"widget\" data-e-type=\"widget\" data-widget_type=\"roux_core_section_title.default\">\n\t\t\t\t<div class=\"elementor-widget-container\">\n\t\t\t\t\t<div class=\"qodef-shortcode qodef-m  qodef-section-title qodef-alignment--left \">\n\t\t\t<h3 class=\"qodef-m-title\" >\n\t\t\t\t\tProductor de espect\u00e1culos\t\t\t<\/h3>\n\t\t<\/div>\n\t\t\t\t<\/div>\n\t\t\t\t<\/div>\n\t\t\t\t\t<\/div>\n\t\t<\/div>\n\t\t\t\t<div class=\"elementor-column elementor-col-50 elementor-inner-column elementor-element elementor-element-c31efdf\" data-id=\"c31efdf\" data-element_type=\"column\" data-e-type=\"column\">\n\t\t\t<div class=\"elementor-widget-wrap\">\n\t\t\t\t\t\t\t<\/div>\n\t\t<\/div>\n\t\t\t\t\t<\/div>\n\t\t<\/section>\n\t\t\t\t\t<\/div>\n\t\t<\/div>\n\t\t\t\t\t<\/div>\n\t\t<\/section>\n\t\t\t\t<section class=\"elementor-section elementor-top-section elementor-element elementor-element-6aaceadb elementor-section-full_width qodef-elementor-content-grid elementor-section-height-default elementor-section-height-default\" data-id=\"6aaceadb\" data-element_type=\"section\" data-e-type=\"section\">\n\t\t\t\t\t\t<div class=\"elementor-container elementor-column-gap-no\">\n\t\t\t\t\t<div class=\"elementor-column elementor-col-66 elementor-top-column elementor-element elementor-element-7ff2b410\" data-id=\"7ff2b410\" data-element_type=\"column\" data-e-type=\"column\">\n\t\t\t<div class=\"elementor-widget-wrap elementor-element-populated\">\n\t\t\t\t\t\t<div class=\"elementor-element elementor-element-48554929 elementor-widget__width-inherit elementor-widget-tablet__width-inherit elementor-widget-mobile__width-inherit elementor-widget elementor-widget-roux_core_section_title\" data-id=\"48554929\" data-element_type=\"widget\" data-e-type=\"widget\" data-widget_type=\"roux_core_section_title.default\">\n\t\t\t\t<div class=\"elementor-widget-container\">\n\t\t\t\t\t<div class=\"qodef-shortcode qodef-m  qodef-section-title qodef-alignment--left \">\n\t\t\t<h4 class=\"qodef-m-title\" >\n\t\t\t\t\tKalapita producciones produce conciertos y espect\u00e1culos varios.\t\t\t<\/h4>\n\t\t<\/div>\n\t\t\t\t<\/div>\n\t\t\t\t<\/div>\n\t\t\t\t\t<\/div>\n\t\t<\/div>\n\t\t\t\t<div class=\"elementor-column elementor-col-33 elementor-top-column elementor-element elementor-element-54d38603\" data-id=\"54d38603\" data-element_type=\"column\" data-e-type=\"column\">\n\t\t\t<div class=\"elementor-widget-wrap\">\n\t\t\t\t\t\t\t<\/div>\n\t\t<\/div>\n\t\t\t\t\t<\/div>\n\t\t<\/section>\n\t\t\t\t<section class=\"elementor-section elementor-top-section elementor-element elementor-element-24c18943 elementor-section-boxed elementor-section-height-default elementor-section-height-default qodef-elementor-content-no\" data-id=\"24c18943\" data-element_type=\"section\" data-e-type=\"section\">\n\t\t\t\t\t\t<div class=\"elementor-container elementor-column-gap-default\">\n\t\t\t\t\t<div class=\"elementor-column elementor-col-100 elementor-top-column elementor-element elementor-element-5e1a0039\" data-id=\"5e1a0039\" data-element_type=\"column\" data-e-type=\"column\">\n\t\t\t<div class=\"elementor-widget-wrap elementor-element-populated\">\n\t\t\t\t\t\t<div class=\"elementor-element elementor-element-642866f elementor-widget elementor-widget-text-editor\" data-id=\"642866f\" data-element_type=\"widget\" data-e-type=\"widget\" data-widget_type=\"text-editor.default\">\n\t\t\t\t<div class=\"elementor-widget-container\">\n\t\t\t\t\t\t\t\t\t<h2>Nuestros producciones<\/h2>\t\t\t\t\t\t\t\t<\/div>\n\t\t\t\t<\/div>\n\t\t\t\t<div class=\"elementor-element elementor-element-ef96758 elementor-widget elementor-widget-roux_core_portfolio_list\" data-id=\"ef96758\" data-element_type=\"widget\" data-e-type=\"widget\" data-widget_type=\"roux_core_portfolio_list.default\">\n\t\t\t\t<div class=\"elementor-widget-container\">\n\t\t\t\t\t<div class=\"qodef-shortcode qodef-m  qodef-portfolio-list qodef-item-layout--info-below-simple           qodef-grid qodef-layout--columns  qodef-gutter--huge qodef-col-num--2 qodef-item-layout--info-below-simple qodef--no-bottom-space qodef-pagination--off qodef-responsive--predefined\" data-options=\"{&quot;plugin&quot;:&quot;roux_core&quot;,&quot;module&quot;:&quot;post-types\\\/portfolio\\\/shortcodes&quot;,&quot;shortcode&quot;:&quot;portfolio-list&quot;,&quot;post_type&quot;:&quot;portfolio-item&quot;,&quot;next_page&quot;:&quot;2&quot;,&quot;max_pages_num&quot;:1,&quot;behavior&quot;:&quot;columns&quot;,&quot;images_proportion&quot;:&quot;custom&quot;,&quot;custom_image_width&quot;:&quot;550&quot;,&quot;custom_image_height&quot;:&quot;550&quot;,&quot;columns&quot;:&quot;2&quot;,&quot;columns_responsive&quot;:&quot;predefined&quot;,&quot;space&quot;:&quot;huge&quot;,&quot;posts_per_page&quot;:&quot;9&quot;,&quot;orderby&quot;:&quot;date&quot;,&quot;order&quot;:&quot;DESC&quot;,&quot;layout&quot;:&quot;info-below-simple&quot;,&quot;hover_animation_info-below&quot;:&quot;tilt&quot;,&quot;hover_animation_info-follow-horizontal&quot;:&quot;follow-horizontal&quot;,&quot;hover_animation_info-follow&quot;:&quot;follow&quot;,&quot;hover_animation_info-on-hover&quot;:&quot;fade-in&quot;,&quot;title_tag&quot;:&quot;h4&quot;,&quot;custom_margin&quot;:&quot;no&quot;,&quot;distort_animation&quot;:&quot;no&quot;,&quot;pagination_type&quot;:&quot;no-pagination&quot;,&quot;object_class_name&quot;:&quot;RouxCore_Portfolio_List_Shortcode&quot;,&quot;taxonomy_filter&quot;:&quot;portfolio-category&quot;,&quot;space_value&quot;:40}\">\n\t\t<div class=\"qodef-grid-inner clear\">\n\t\t<article class=\"qodef-e qodef-grid-item qodef-item--custom post-9438 portfolio-item type-portfolio-item status-publish has-post-thumbnail hentry\">\n\t<div class=\"qodef-e-inner\" >\n\t\t<div class=\"qodef-e-image\">\n\t\t\t\t<div class=\"qodef-e-media-image\" >\n\t\t<a itemprop=\"url\" href=\"https:\/\/kalapitaprod.com\/es\/production\/thierry-biscary\/\" target=\"_self\">\n\t\t\t\t\t\t\t<img decoding=\"async\" src=\"https:\/\/kalapitaprod.com\/wp-content\/uploads\/2022\/06\/Thierry-Biscary-550x550.jpg\" alt=\"\" width=\"550\" height=\"550\" data-ratio=\"1\" \/>\t\t\t\t\t<\/a>\n\t<\/div>\n\t\t<\/div>\n\t\t<div class=\"qodef-e-content\" >\n\t\t\t<div class=\"qodef-e-text\">\n\t\t\t\t<h4 itemprop=\"name\" class=\"qodef-e-title entry-title\" >\n\t<a itemprop=\"url\" class=\"qodef-e-title-link\" href=\"https:\/\/kalapitaprod.com\/es\/production\/thierry-biscary\/\" target=\"_self\">\n\t\tThierry Biscary\t<\/a>\n<\/h4>\n\t\t\t<\/div>\n\t\t\t<div class=\"qodef-e-info-holder\">\n\t\t\t\t<div class=\"qodef-e-info\">\n\t\t\t\t\t\t\t\t\t<\/div>\n\t\t\t<\/div>\n\t\t<\/div>\n\t<\/div>\n<\/article>\n<article class=\"qodef-e qodef-grid-item qodef-item--custom post-9270 portfolio-item type-portfolio-item status-publish has-post-thumbnail hentry\">\n\t<div class=\"qodef-e-inner\" >\n\t\t<div class=\"qodef-e-image\">\n\t\t\t\t<div class=\"qodef-e-media-image\" >\n\t\t<a itemprop=\"url\" href=\"https:\/\/kalapitaprod.com\/es\/production\/maddi-oihenart\/\" target=\"_self\">\n\t\t\t\t\t\t\t<img decoding=\"async\" src=\"https:\/\/kalapitaprod.com\/wp-content\/uploads\/2018\/06\/Maddi-Oihenart-eta-Sokahots-orkestra-3-550x550.jpg\" alt=\"\" width=\"550\" height=\"550\" data-ratio=\"1\" \/>\t\t\t\t\t<\/a>\n\t<\/div>\n\t\t<\/div>\n\t\t<div class=\"qodef-e-content\" >\n\t\t\t<div class=\"qodef-e-text\">\n\t\t\t\t<h4 itemprop=\"name\" class=\"qodef-e-title entry-title\" >\n\t<a itemprop=\"url\" class=\"qodef-e-title-link\" href=\"https:\/\/kalapitaprod.com\/es\/production\/maddi-oihenart\/\" target=\"_self\">\n\t\tMaddi Oihenart\t<\/a>\n<\/h4>\n\t\t\t<\/div>\n\t\t\t<div class=\"qodef-e-info-holder\">\n\t\t\t\t<div class=\"qodef-e-info\">\n\t\t\t\t\t\t\t\t\t<\/div>\n\t\t\t<\/div>\n\t\t<\/div>\n\t<\/div>\n<\/article>\n<article class=\"qodef-e qodef-grid-item qodef-item--custom post-9268 portfolio-item type-portfolio-item status-publish has-post-thumbnail hentry\">\n\t<div class=\"qodef-e-inner\" >\n\t\t<div class=\"qodef-e-image\">\n\t\t\t\t<div class=\"qodef-e-media-image\" >\n\t\t<a itemprop=\"url\" href=\"https:\/\/kalapitaprod.com\/es\/production\/hegiak\/\" target=\"_self\">\n\t\t\t\t\t\t\t<img loading=\"lazy\" decoding=\"async\" src=\"https:\/\/kalapitaprod.com\/wp-content\/uploads\/2018\/06\/Hegiak-@-Ion-Markel-1-3-550x550.jpg\" alt=\"\" width=\"550\" height=\"550\" data-ratio=\"1\" \/>\t\t\t\t\t<\/a>\n\t<\/div>\n\t\t<\/div>\n\t\t<div class=\"qodef-e-content\" >\n\t\t\t<div class=\"qodef-e-text\">\n\t\t\t\t<h4 itemprop=\"name\" class=\"qodef-e-title entry-title\" >\n\t<a itemprop=\"url\" class=\"qodef-e-title-link\" href=\"https:\/\/kalapitaprod.com\/es\/production\/hegiak\/\" target=\"_self\">\n\t\tHegiak\t<\/a>\n<\/h4>\n\t\t\t<\/div>\n\t\t\t<div class=\"qodef-e-info-holder\">\n\t\t\t\t<div class=\"qodef-e-info\">\n\t\t\t\t\t\t\t\t\t<\/div>\n\t\t\t<\/div>\n\t\t<\/div>\n\t<\/div>\n<\/article>\n<article class=\"qodef-e qodef-grid-item qodef-item--custom post-9264 portfolio-item type-portfolio-item status-publish has-post-thumbnail hentry\">\n\t<div class=\"qodef-e-inner\" >\n\t\t<div class=\"qodef-e-image\">\n\t\t\t\t<div class=\"qodef-e-media-image\" >\n\t\t<a itemprop=\"url\" href=\"https:\/\/kalapitaprod.com\/es\/production\/tza\/\" target=\"_self\">\n\t\t\t\t\t\t\t<img loading=\"lazy\" decoding=\"async\" src=\"https:\/\/kalapitaprod.com\/wp-content\/uploads\/2021\/12\/Caratula-Dialektrika-3-scaled-1-550x550.jpg\" alt=\"\" width=\"550\" height=\"550\" data-ratio=\"1\" \/>\t\t\t\t\t<\/a>\n\t<\/div>\n\t\t<\/div>\n\t\t<div class=\"qodef-e-content\" >\n\t\t\t<div class=\"qodef-e-text\">\n\t\t\t\t<h4 itemprop=\"name\" class=\"qodef-e-title entry-title\" >\n\t<a itemprop=\"url\" class=\"qodef-e-title-link\" href=\"https:\/\/kalapitaprod.com\/es\/production\/tza\/\" target=\"_self\">\n\t\tTza!\t<\/a>\n<\/h4>\n\t\t\t<\/div>\n\t\t\t<div class=\"qodef-e-info-holder\">\n\t\t\t\t<div class=\"qodef-e-info\">\n\t\t\t\t\t\t\t\t\t<\/div>\n\t\t\t<\/div>\n\t\t<\/div>\n\t<\/div>\n<\/article>\n<article class=\"qodef-e qodef-grid-item qodef-item--custom post-9262 portfolio-item type-portfolio-item status-publish has-post-thumbnail hentry\">\n\t<div class=\"qodef-e-inner\" >\n\t\t<div class=\"qodef-e-image\">\n\t\t\t\t<div class=\"qodef-e-media-image\" >\n\t\t<a itemprop=\"url\" href=\"https:\/\/kalapitaprod.com\/es\/production\/oihaneko-zuhainetan\/\" target=\"_self\">\n\t\t\t\t\t\t\t<img loading=\"lazy\" decoding=\"async\" src=\"https:\/\/kalapitaprod.com\/wp-content\/uploads\/2018\/06\/Oihaneko-zuhainetan-3-550x550.jpg\" alt=\"\" width=\"550\" height=\"550\" data-ratio=\"1\" \/>\t\t\t\t\t<\/a>\n\t<\/div>\n\t\t<\/div>\n\t\t<div class=\"qodef-e-content\" >\n\t\t\t<div class=\"qodef-e-text\">\n\t\t\t\t<h4 itemprop=\"name\" class=\"qodef-e-title entry-title\" >\n\t<a itemprop=\"url\" class=\"qodef-e-title-link\" href=\"https:\/\/kalapitaprod.com\/es\/production\/oihaneko-zuhainetan\/\" target=\"_self\">\n\t\tOihaneko Z\u00fchainetan\t<\/a>\n<\/h4>\n\t\t\t<\/div>\n\t\t\t<div class=\"qodef-e-info-holder\">\n\t\t\t\t<div class=\"qodef-e-info\">\n\t\t\t\t\t\t\t\t\t<\/div>\n\t\t\t<\/div>\n\t\t<\/div>\n\t<\/div>\n<\/article>\n\t<\/div>\n\t<\/div>\n\t\t\t\t<\/div>\n\t\t\t\t<\/div>\n\t\t\t\t\t<\/div>\n\t\t<\/div>\n\t\t\t\t\t<\/div>\n\t\t<\/section>\n\t\t\t\t<\/div>\n\t\t","protected":false},"excerpt":{"rendered":"<p>Productor de espect\u00e1culos Kalapita producciones produce conciertos y espect\u00e1culos varios. Nuestros producciones Thierry Biscary Maddi Oihenart Hegiak Tza! Oihaneko Z\u00fchainetan<\/p>\n","protected":false},"author":1,"featured_media":0,"parent":0,"menu_order":0,"comment_status":"closed","ping_status":"closed","template":"","meta":{"footnotes":""},"class_list":["post-9253","page","type-page","status-publish","hentry"],"yoast_head":"<!-- This site is optimized with the Yoast SEO plugin v27.3 - https:\/\/yoast.com\/product\/yoast-seo-wordpress\/ -->\n<title>Productor &#8226; Kalapita Produkzioak<\/title>\n<meta name=\"robots\" content=\"index, follow, max-snippet:-1, max-image-preview:large, max-video-preview:-1\" \/>\n<link rel=\"canonical\" href=\"https:\/\/kalapitaprod.com\/producteur\/\" \/>\n<meta property=\"og:locale\" content=\"es_ES\" \/>\n<meta property=\"og:type\" content=\"article\" \/>\n<meta property=\"og:title\" content=\"Productor &#8226; Kalapita Produkzioak\" \/>\n<meta property=\"og:description\" content=\"Productor de espect\u00e1culos Kalapita producciones produce conciertos y espect\u00e1culos varios. Nuestros producciones Thierry Biscary Maddi Oihenart Hegiak Tza! Oihaneko Z\u00fchainetan\" \/>\n<meta property=\"og:url\" content=\"https:\/\/kalapitaprod.com\/producteur\/\" \/>\n<meta property=\"og:site_name\" content=\"Kalapita Produkzioak\" \/>\n<meta property=\"article:publisher\" content=\"https:\/\/www.facebook.com\/kalapitaprod\/\" \/>\n<meta property=\"article:modified_time\" content=\"2022-10-26T10:09:19+00:00\" \/>\n<meta property=\"og:image\" content=\"https:\/\/kalapitaprod.com\/wp-content\/uploads\/2022\/10\/XT15344-scaled.jpg\" \/>\n<meta name=\"twitter:card\" content=\"summary_large_image\" \/>\n<meta name=\"twitter:label1\" content=\"Tiempo de lectura\" \/>\n\t<meta name=\"twitter:data1\" content=\"2 minutos\" \/>\n<script type=\"application\/ld+json\" class=\"yoast-schema-graph\">{\"@context\":\"https:\\\/\\\/schema.org\",\"@graph\":[{\"@type\":\"WebPage\",\"@id\":\"https:\\\/\\\/kalapitaprod.com\\\/producteur\\\/\",\"url\":\"https:\\\/\\\/kalapitaprod.com\\\/producteur\\\/\",\"name\":\"Productor &#8226; Kalapita Produkzioak\",\"isPartOf\":{\"@id\":\"https:\\\/\\\/kalapitaprod.com\\\/#website\"},\"primaryImageOfPage\":{\"@id\":\"https:\\\/\\\/kalapitaprod.com\\\/producteur\\\/#primaryimage\"},\"image\":{\"@id\":\"https:\\\/\\\/kalapitaprod.com\\\/producteur\\\/#primaryimage\"},\"thumbnailUrl\":\"https:\\\/\\\/kalapitaprod.com\\\/wp-content\\\/uploads\\\/2022\\\/10\\\/XT15344-scaled.jpg\",\"datePublished\":\"2022-05-17T18:49:33+00:00\",\"dateModified\":\"2022-10-26T10:09:19+00:00\",\"breadcrumb\":{\"@id\":\"https:\\\/\\\/kalapitaprod.com\\\/producteur\\\/#breadcrumb\"},\"inLanguage\":\"es\",\"potentialAction\":[{\"@type\":\"ReadAction\",\"target\":[\"https:\\\/\\\/kalapitaprod.com\\\/producteur\\\/\"]}]},{\"@type\":\"ImageObject\",\"inLanguage\":\"es\",\"@id\":\"https:\\\/\\\/kalapitaprod.com\\\/producteur\\\/#primaryimage\",\"url\":\"https:\\\/\\\/kalapitaprod.com\\\/wp-content\\\/uploads\\\/2022\\\/10\\\/XT15344-scaled.jpg\",\"contentUrl\":\"https:\\\/\\\/kalapitaprod.com\\\/wp-content\\\/uploads\\\/2022\\\/10\\\/XT15344-scaled.jpg\"},{\"@type\":\"BreadcrumbList\",\"@id\":\"https:\\\/\\\/kalapitaprod.com\\\/producteur\\\/#breadcrumb\",\"itemListElement\":[{\"@type\":\"ListItem\",\"position\":1,\"name\":\"Accueil\",\"item\":\"https:\\\/\\\/kalapitaprod.com\\\/\"},{\"@type\":\"ListItem\",\"position\":2,\"name\":\"Productor\"}]},{\"@type\":\"WebSite\",\"@id\":\"https:\\\/\\\/kalapitaprod.com\\\/#website\",\"url\":\"https:\\\/\\\/kalapitaprod.com\\\/\",\"name\":\"Kalapita Produkzioak\",\"description\":\"Thierry Biscary\",\"publisher\":{\"@id\":\"https:\\\/\\\/kalapitaprod.com\\\/#organization\"},\"potentialAction\":[{\"@type\":\"SearchAction\",\"target\":{\"@type\":\"EntryPoint\",\"urlTemplate\":\"https:\\\/\\\/kalapitaprod.com\\\/?s={search_term_string}\"},\"query-input\":{\"@type\":\"PropertyValueSpecification\",\"valueRequired\":true,\"valueName\":\"search_term_string\"}}],\"inLanguage\":\"es\"},{\"@type\":\"Organization\",\"@id\":\"https:\\\/\\\/kalapitaprod.com\\\/#organization\",\"name\":\"Kalapita Produkzioak\",\"url\":\"https:\\\/\\\/kalapitaprod.com\\\/\",\"logo\":{\"@type\":\"ImageObject\",\"inLanguage\":\"es\",\"@id\":\"https:\\\/\\\/kalapitaprod.com\\\/#\\\/schema\\\/logo\\\/image\\\/\",\"url\":\"https:\\\/\\\/kalapitaprod.com\\\/wp-content\\\/uploads\\\/2018\\\/03\\\/Logo-Kalapita-eus.png\",\"contentUrl\":\"https:\\\/\\\/kalapitaprod.com\\\/wp-content\\\/uploads\\\/2018\\\/03\\\/Logo-Kalapita-eus.png\",\"width\":300,\"height\":83,\"caption\":\"Kalapita Produkzioak\"},\"image\":{\"@id\":\"https:\\\/\\\/kalapitaprod.com\\\/#\\\/schema\\\/logo\\\/image\\\/\"},\"sameAs\":[\"https:\\\/\\\/www.facebook.com\\\/kalapitaprod\\\/\"]}]}<\/script>\n<!-- \/ Yoast SEO plugin. -->","yoast_head_json":{"title":"Productor &#8226; Kalapita Produkzioak","robots":{"index":"index","follow":"follow","max-snippet":"max-snippet:-1","max-image-preview":"max-image-preview:large","max-video-preview":"max-video-preview:-1"},"canonical":"https:\/\/kalapitaprod.com\/producteur\/","og_locale":"es_ES","og_type":"article","og_title":"Productor &#8226; Kalapita Produkzioak","og_description":"Productor de espect\u00e1culos Kalapita producciones produce conciertos y espect\u00e1culos varios. Nuestros producciones Thierry Biscary Maddi Oihenart Hegiak Tza! Oihaneko Z\u00fchainetan","og_url":"https:\/\/kalapitaprod.com\/producteur\/","og_site_name":"Kalapita Produkzioak","article_publisher":"https:\/\/www.facebook.com\/kalapitaprod\/","article_modified_time":"2022-10-26T10:09:19+00:00","og_image":[{"url":"https:\/\/kalapitaprod.com\/wp-content\/uploads\/2022\/10\/XT15344-scaled.jpg","type":"","width":"","height":""}],"twitter_card":"summary_large_image","twitter_misc":{"Tiempo de lectura":"2 minutos"},"schema":{"@context":"https:\/\/schema.org","@graph":[{"@type":"WebPage","@id":"https:\/\/kalapitaprod.com\/producteur\/","url":"https:\/\/kalapitaprod.com\/producteur\/","name":"Productor &#8226; Kalapita Produkzioak","isPartOf":{"@id":"https:\/\/kalapitaprod.com\/#website"},"primaryImageOfPage":{"@id":"https:\/\/kalapitaprod.com\/producteur\/#primaryimage"},"image":{"@id":"https:\/\/kalapitaprod.com\/producteur\/#primaryimage"},"thumbnailUrl":"https:\/\/kalapitaprod.com\/wp-content\/uploads\/2022\/10\/XT15344-scaled.jpg","datePublished":"2022-05-17T18:49:33+00:00","dateModified":"2022-10-26T10:09:19+00:00","breadcrumb":{"@id":"https:\/\/kalapitaprod.com\/producteur\/#breadcrumb"},"inLanguage":"es","potentialAction":[{"@type":"ReadAction","target":["https:\/\/kalapitaprod.com\/producteur\/"]}]},{"@type":"ImageObject","inLanguage":"es","@id":"https:\/\/kalapitaprod.com\/producteur\/#primaryimage","url":"https:\/\/kalapitaprod.com\/wp-content\/uploads\/2022\/10\/XT15344-scaled.jpg","contentUrl":"https:\/\/kalapitaprod.com\/wp-content\/uploads\/2022\/10\/XT15344-scaled.jpg"},{"@type":"BreadcrumbList","@id":"https:\/\/kalapitaprod.com\/producteur\/#breadcrumb","itemListElement":[{"@type":"ListItem","position":1,"name":"Accueil","item":"https:\/\/kalapitaprod.com\/"},{"@type":"ListItem","position":2,"name":"Productor"}]},{"@type":"WebSite","@id":"https:\/\/kalapitaprod.com\/#website","url":"https:\/\/kalapitaprod.com\/","name":"Kalapita Produkzioak","description":"Thierry Biscary","publisher":{"@id":"https:\/\/kalapitaprod.com\/#organization"},"potentialAction":[{"@type":"SearchAction","target":{"@type":"EntryPoint","urlTemplate":"https:\/\/kalapitaprod.com\/?s={search_term_string}"},"query-input":{"@type":"PropertyValueSpecification","valueRequired":true,"valueName":"search_term_string"}}],"inLanguage":"es"},{"@type":"Organization","@id":"https:\/\/kalapitaprod.com\/#organization","name":"Kalapita Produkzioak","url":"https:\/\/kalapitaprod.com\/","logo":{"@type":"ImageObject","inLanguage":"es","@id":"https:\/\/kalapitaprod.com\/#\/schema\/logo\/image\/","url":"https:\/\/kalapitaprod.com\/wp-content\/uploads\/2018\/03\/Logo-Kalapita-eus.png","contentUrl":"https:\/\/kalapitaprod.com\/wp-content\/uploads\/2018\/03\/Logo-Kalapita-eus.png","width":300,"height":83,"caption":"Kalapita Produkzioak"},"image":{"@id":"https:\/\/kalapitaprod.com\/#\/schema\/logo\/image\/"},"sameAs":["https:\/\/www.facebook.com\/kalapitaprod\/"]}]}},"_links":{"self":[{"href":"https:\/\/kalapitaprod.com\/es\/wp-json\/wp\/v2\/pages\/9253","targetHints":{"allow":["GET"]}}],"collection":[{"href":"https:\/\/kalapitaprod.com\/es\/wp-json\/wp\/v2\/pages"}],"about":[{"href":"https:\/\/kalapitaprod.com\/es\/wp-json\/wp\/v2\/types\/page"}],"author":[{"embeddable":true,"href":"https:\/\/kalapitaprod.com\/es\/wp-json\/wp\/v2\/users\/1"}],"replies":[{"embeddable":true,"href":"https:\/\/kalapitaprod.com\/es\/wp-json\/wp\/v2\/comments?post=9253"}],"version-history":[{"count":16,"href":"https:\/\/kalapitaprod.com\/es\/wp-json\/wp\/v2\/pages\/9253\/revisions"}],"predecessor-version":[{"id":9798,"href":"https:\/\/kalapitaprod.com\/es\/wp-json\/wp\/v2\/pages\/9253\/revisions\/9798"}],"wp:attachment":[{"href":"https:\/\/kalapitaprod.com\/es\/wp-json\/wp\/v2\/media?parent=9253"}],"curies":[{"name":"wp","href":"https:\/\/api.w.org\/{rel}","templated":true}]}}