{"id":9241,"date":"2022-05-17T18:44:19","date_gmt":"2022-05-17T18:44:19","guid":{"rendered":"https:\/\/kalapitaprod.com\/coach\/"},"modified":"2022-06-08T08:56:24","modified_gmt":"2022-06-08T08:56:24","slug":"coach","status":"publish","type":"page","link":"https:\/\/kalapitaprod.com\/es\/coach\/","title":{"rendered":"Coach"},"content":{"rendered":"\t\t<div data-elementor-type=\"wp-page\" data-elementor-id=\"9241\" class=\"elementor elementor-9241 elementor-8282\">\n\t\t\t\t\t\t<section class=\"elementor-section elementor-top-section elementor-element elementor-element-59f6686c elementor-section-full_width elementor-section-height-default elementor-section-height-default qodef-elementor-content-no\" data-id=\"59f6686c\" data-element_type=\"section\" data-e-type=\"section\">\n\t\t\t\t\t\t<div class=\"elementor-container elementor-column-gap-default\">\n\t\t\t\t\t<div class=\"elementor-column elementor-col-100 elementor-top-column elementor-element elementor-element-c86d4ef\" data-id=\"c86d4ef\" data-element_type=\"column\" data-e-type=\"column\">\n\t\t\t<div class=\"elementor-widget-wrap elementor-element-populated\">\n\t\t\t\t\t\t<div class=\"elementor-element elementor-element-490f3cd9 elementor-widget elementor-widget-image\" data-id=\"490f3cd9\" data-element_type=\"widget\" data-e-type=\"widget\" data-widget_type=\"image.default\">\n\t\t\t\t<div class=\"elementor-widget-container\">\n\t\t\t\t\t\t\t\t\t\t\t\t\t\t\t<img fetchpriority=\"high\" decoding=\"async\" width=\"1800\" height=\"650\" src=\"https:\/\/kalapitaprod.com\/wp-content\/uploads\/2022\/05\/coach-artistique-kalapita-prod.jpg\" class=\"attachment-full size-full wp-image-9131\" alt=\"\" srcset=\"https:\/\/kalapitaprod.com\/wp-content\/uploads\/2022\/05\/coach-artistique-kalapita-prod.jpg 1800w, https:\/\/kalapitaprod.com\/wp-content\/uploads\/2022\/05\/coach-artistique-kalapita-prod-300x108.jpg 300w, https:\/\/kalapitaprod.com\/wp-content\/uploads\/2022\/05\/coach-artistique-kalapita-prod-1024x370.jpg 1024w, https:\/\/kalapitaprod.com\/wp-content\/uploads\/2022\/05\/coach-artistique-kalapita-prod-768x277.jpg 768w, https:\/\/kalapitaprod.com\/wp-content\/uploads\/2022\/05\/coach-artistique-kalapita-prod-1536x555.jpg 1536w, https:\/\/kalapitaprod.com\/wp-content\/uploads\/2022\/05\/coach-artistique-kalapita-prod-600x217.jpg 600w\" sizes=\"(max-width: 1800px) 100vw, 1800px\" \/>\t\t\t\t\t\t\t\t\t\t\t\t\t\t\t<\/div>\n\t\t\t\t<\/div>\n\t\t\t\t\t<\/div>\n\t\t<\/div>\n\t\t\t\t\t<\/div>\n\t\t<\/section>\n\t\t\t\t<section class=\"elementor-section elementor-top-section elementor-element elementor-element-510cadb3 elementor-section-full_width qodef-elementor-content-grid elementor-section-height-default elementor-section-height-default\" data-id=\"510cadb3\" data-element_type=\"section\" data-e-type=\"section\">\n\t\t\t\t\t\t<div class=\"elementor-container elementor-column-gap-no\">\n\t\t\t\t\t<div class=\"elementor-column elementor-col-100 elementor-top-column elementor-element elementor-element-6a9952f3\" data-id=\"6a9952f3\" data-element_type=\"column\" data-e-type=\"column\">\n\t\t\t<div class=\"elementor-widget-wrap elementor-element-populated\">\n\t\t\t\t\t\t<section class=\"elementor-section elementor-inner-section elementor-element elementor-element-5aae68b3 elementor-section-full_width elementor-section-height-default elementor-section-height-default qodef-elementor-content-no\" data-id=\"5aae68b3\" data-element_type=\"section\" data-e-type=\"section\">\n\t\t\t\t\t\t<div class=\"elementor-container elementor-column-gap-no\">\n\t\t\t\t\t<div class=\"elementor-column elementor-col-50 elementor-inner-column elementor-element elementor-element-5b15ae75\" data-id=\"5b15ae75\" data-element_type=\"column\" data-e-type=\"column\">\n\t\t\t<div class=\"elementor-widget-wrap elementor-element-populated\">\n\t\t\t\t\t\t<div class=\"elementor-element elementor-element-ee8489c elementor-widget elementor-widget-roux_core_section_title\" data-id=\"ee8489c\" data-element_type=\"widget\" data-e-type=\"widget\" data-widget_type=\"roux_core_section_title.default\">\n\t\t\t\t<div class=\"elementor-widget-container\">\n\t\t\t\t\t<div class=\"qodef-shortcode qodef-m  qodef-section-title qodef-alignment--left \">\n\t\t\t<h3 class=\"qodef-m-title\" >\n\t\t\t\t\tCoach artistico\t\t\t<\/h3>\n\t\t<\/div>\n\t\t\t\t<\/div>\n\t\t\t\t<\/div>\n\t\t\t\t\t<\/div>\n\t\t<\/div>\n\t\t\t\t<div class=\"elementor-column elementor-col-50 elementor-inner-column elementor-element elementor-element-5e892997\" data-id=\"5e892997\" data-element_type=\"column\" data-e-type=\"column\">\n\t\t\t<div class=\"elementor-widget-wrap\">\n\t\t\t\t\t\t\t<\/div>\n\t\t<\/div>\n\t\t\t\t\t<\/div>\n\t\t<\/section>\n\t\t\t\t\t<\/div>\n\t\t<\/div>\n\t\t\t\t\t<\/div>\n\t\t<\/section>\n\t\t\t\t<section class=\"elementor-section elementor-top-section elementor-element elementor-element-53d9e6eb elementor-section-full_width qodef-elementor-content-grid elementor-section-height-default elementor-section-height-default\" data-id=\"53d9e6eb\" data-element_type=\"section\" data-e-type=\"section\">\n\t\t\t\t\t\t<div class=\"elementor-container elementor-column-gap-no\">\n\t\t\t\t\t<div class=\"elementor-column elementor-col-66 elementor-top-column elementor-element elementor-element-fcbb149\" data-id=\"fcbb149\" data-element_type=\"column\" data-e-type=\"column\">\n\t\t\t<div class=\"elementor-widget-wrap elementor-element-populated\">\n\t\t\t\t\t\t<div class=\"elementor-element elementor-element-216daa6e elementor-widget__width-inherit elementor-widget-tablet__width-inherit elementor-widget-mobile__width-inherit elementor-widget elementor-widget-roux_core_section_title\" data-id=\"216daa6e\" data-element_type=\"widget\" data-e-type=\"widget\" data-widget_type=\"roux_core_section_title.default\">\n\t\t\t\t<div class=\"elementor-widget-container\">\n\t\t\t\t\t<div class=\"qodef-shortcode qodef-m  qodef-section-title qodef-alignment--left \">\n\t\t\t<h4 class=\"qodef-m-title\" >\n\t\t\t\t\tAyudo el artista profesional o amateur a trabajar sobre un escenario y en los diferentes sectores que tiene que dominar (plan de comunicaci\u00f3n, estrategia comercial, organizaci\u00f3n administrativa \u2026).\t\t\t<\/h4>\n\t\t<\/div>\n\t\t\t\t<\/div>\n\t\t\t\t<\/div>\n\t\t\t\t\t<\/div>\n\t\t<\/div>\n\t\t\t\t<div class=\"elementor-column elementor-col-33 elementor-top-column elementor-element elementor-element-57c5eb82\" data-id=\"57c5eb82\" data-element_type=\"column\" data-e-type=\"column\">\n\t\t\t<div class=\"elementor-widget-wrap\">\n\t\t\t\t\t\t\t<\/div>\n\t\t<\/div>\n\t\t\t\t\t<\/div>\n\t\t<\/section>\n\t\t\t\t<section class=\"elementor-section elementor-top-section elementor-element elementor-element-702121ce elementor-section-full_width elementor-section-content-middle elementor-section-stretched elementor-section-height-default elementor-section-height-default qodef-elementor-content-no\" data-id=\"702121ce\" data-element_type=\"section\" data-e-type=\"section\" data-settings=\"{&quot;stretch_section&quot;:&quot;section-stretched&quot;}\">\n\t\t\t\t\t\t<div class=\"elementor-container elementor-column-gap-wider\">\n\t\t\t\t\t<div class=\"elementor-column elementor-col-33 elementor-top-column elementor-element elementor-element-3f749dc8\" data-id=\"3f749dc8\" data-element_type=\"column\" data-e-type=\"column\">\n\t\t\t<div class=\"elementor-widget-wrap elementor-element-populated\">\n\t\t\t\t\t\t<div class=\"elementor-element elementor-element-5c471a3 elementor-widget elementor-widget-text-editor\" data-id=\"5c471a3\" data-element_type=\"widget\" data-e-type=\"widget\" data-widget_type=\"text-editor.default\">\n\t\t\t\t<div class=\"elementor-widget-container\">\n\t\t\t\t\t\t\t\t\t<h2>Tu proyecto musical<\/h2>\t\t\t\t\t\t\t\t<\/div>\n\t\t\t\t<\/div>\n\t\t\t\t<div class=\"elementor-element elementor-element-15976234 elementor-widget elementor-widget-text-editor\" data-id=\"15976234\" data-element_type=\"widget\" data-e-type=\"widget\" data-widget_type=\"text-editor.default\">\n\t\t\t\t<div class=\"elementor-widget-container\">\n\t\t\t\t\t\t\t\t\t<ul><li>Estudiar si tu proyecto es t\u00e9cnicamente factible y econ\u00f3micamente viable<\/li><li>Determinar tu enfoque art\u00edstico (trayectoria, intenciones, objetivos de creaci\u00f3n y de producci\u00f3n)<\/li><li>Identificar a los participantes de tu proyecto<\/li><li>Identificar tus habilidades, aptitudes, talentos y conocimientos<\/li><li>Programar y organizar las acciones que se llevar\u00e1n a cabo<\/li><li>Definir una estrategia y seguirla<\/li><li>Encontrar financiaci\u00f3n p\u00fablica y privada<\/li><li>Descubrir otras formas de hacer las cosas<\/li><li>Localizar nuevos socios<\/li><li>Comenzar a preparar tu obra<\/li><\/ul>\t\t\t\t\t\t\t\t<\/div>\n\t\t\t\t<\/div>\n\t\t\t\t\t<\/div>\n\t\t<\/div>\n\t\t\t\t<div class=\"elementor-column elementor-col-66 elementor-top-column elementor-element elementor-element-6b290717\" data-id=\"6b290717\" data-element_type=\"column\" data-e-type=\"column\">\n\t\t\t<div class=\"elementor-widget-wrap elementor-element-populated\">\n\t\t\t\t\t\t<div class=\"elementor-element elementor-element-769bf831 elementor-widget elementor-widget-image\" data-id=\"769bf831\" data-element_type=\"widget\" data-e-type=\"widget\" data-widget_type=\"image.default\">\n\t\t\t\t<div class=\"elementor-widget-container\">\n\t\t\t\t\t\t\t\t\t\t\t\t\t\t\t<img decoding=\"async\" width=\"1024\" height=\"686\" src=\"https:\/\/kalapitaprod.com\/wp-content\/uploads\/2018\/06\/Soka-1-1024x686.jpg\" class=\"attachment-large size-large wp-image-8915\" alt=\"\" srcset=\"https:\/\/kalapitaprod.com\/wp-content\/uploads\/2018\/06\/Soka-1-1024x686.jpg 1024w, https:\/\/kalapitaprod.com\/wp-content\/uploads\/2018\/06\/Soka-1-600x402.jpg 600w, https:\/\/kalapitaprod.com\/wp-content\/uploads\/2018\/06\/Soka-1-300x201.jpg 300w, https:\/\/kalapitaprod.com\/wp-content\/uploads\/2018\/06\/Soka-1-768x514.jpg 768w, https:\/\/kalapitaprod.com\/wp-content\/uploads\/2018\/06\/Soka-1-1536x1029.jpg 1536w, https:\/\/kalapitaprod.com\/wp-content\/uploads\/2018\/06\/Soka-1.jpg 1911w\" sizes=\"(max-width: 1024px) 100vw, 1024px\" \/>\t\t\t\t\t\t\t\t\t\t\t\t\t\t\t<\/div>\n\t\t\t\t<\/div>\n\t\t\t\t\t<\/div>\n\t\t<\/div>\n\t\t\t\t\t<\/div>\n\t\t<\/section>\n\t\t\t\t<section class=\"elementor-section elementor-top-section elementor-element elementor-element-cf9ad0d elementor-section-full_width elementor-section-content-middle elementor-section-stretched elementor-section-height-default elementor-section-height-default qodef-elementor-content-no\" data-id=\"cf9ad0d\" data-element_type=\"section\" data-e-type=\"section\" data-settings=\"{&quot;stretch_section&quot;:&quot;section-stretched&quot;}\">\n\t\t\t\t\t\t<div class=\"elementor-container elementor-column-gap-wider\">\n\t\t\t\t\t<div class=\"elementor-column elementor-col-66 elementor-top-column elementor-element elementor-element-8fb1fb\" data-id=\"8fb1fb\" data-element_type=\"column\" data-e-type=\"column\">\n\t\t\t<div class=\"elementor-widget-wrap elementor-element-populated\">\n\t\t\t\t\t\t<div class=\"elementor-element elementor-element-5079627f elementor-widget elementor-widget-image\" data-id=\"5079627f\" data-element_type=\"widget\" data-e-type=\"widget\" data-widget_type=\"image.default\">\n\t\t\t\t<div class=\"elementor-widget-container\">\n\t\t\t\t\t\t\t\t\t\t\t\t\t\t\t<img decoding=\"async\" width=\"2560\" height=\"1709\" src=\"https:\/\/kalapitaprod.com\/wp-content\/uploads\/2018\/04\/54DE1FD3-6747-432F-B104-A5184000BB23@home-scaled.jpeg\" class=\"attachment-full size-full wp-image-8777\" alt=\"\" srcset=\"https:\/\/kalapitaprod.com\/wp-content\/uploads\/2018\/04\/54DE1FD3-6747-432F-B104-A5184000BB23@home-scaled.jpeg 2560w, https:\/\/kalapitaprod.com\/wp-content\/uploads\/2018\/04\/54DE1FD3-6747-432F-B104-A5184000BB23@home-scaled-600x401.jpeg 600w, https:\/\/kalapitaprod.com\/wp-content\/uploads\/2018\/04\/54DE1FD3-6747-432F-B104-A5184000BB23@home-300x200.jpeg 300w, https:\/\/kalapitaprod.com\/wp-content\/uploads\/2018\/04\/54DE1FD3-6747-432F-B104-A5184000BB23@home-1024x683.jpeg 1024w, https:\/\/kalapitaprod.com\/wp-content\/uploads\/2018\/04\/54DE1FD3-6747-432F-B104-A5184000BB23@home-768x513.jpeg 768w, https:\/\/kalapitaprod.com\/wp-content\/uploads\/2018\/04\/54DE1FD3-6747-432F-B104-A5184000BB23@home-1536x1025.jpeg 1536w, https:\/\/kalapitaprod.com\/wp-content\/uploads\/2018\/04\/54DE1FD3-6747-432F-B104-A5184000BB23@home-2048x1367.jpeg 2048w\" sizes=\"(max-width: 2560px) 100vw, 2560px\" \/>\t\t\t\t\t\t\t\t\t\t\t\t\t\t\t<\/div>\n\t\t\t\t<\/div>\n\t\t\t\t\t<\/div>\n\t\t<\/div>\n\t\t\t\t<div class=\"elementor-column elementor-col-33 elementor-top-column elementor-element elementor-element-1bb649e9\" data-id=\"1bb649e9\" data-element_type=\"column\" data-e-type=\"column\">\n\t\t\t<div class=\"elementor-widget-wrap elementor-element-populated\">\n\t\t\t\t\t\t<div class=\"elementor-element elementor-element-3a63a66a elementor-widget elementor-widget-text-editor\" data-id=\"3a63a66a\" data-element_type=\"widget\" data-e-type=\"widget\" data-widget_type=\"text-editor.default\">\n\t\t\t\t<div class=\"elementor-widget-container\">\n\t\t\t\t\t\t\t\t\t<h2>Trabajar el escenario<\/h2>\t\t\t\t\t\t\t\t<\/div>\n\t\t\t\t<\/div>\n\t\t\t\t<div class=\"elementor-element elementor-element-3b4fe42b elementor-widget elementor-widget-roux_core_accordion\" data-id=\"3b4fe42b\" data-element_type=\"widget\" data-e-type=\"widget\" data-widget_type=\"roux_core_accordion.default\">\n\t\t\t\t<div class=\"elementor-widget-container\">\n\t\t\t\t\t<div class=\"qodef-shortcode qodef-m  qodef-accordion clear qodef-behavior--toggle qodef-layout--simple\">\n\t<h5 class=\"qodef-accordion-title\">\n<span class=\"qodef-tab-title\">Cantante, int\u00e9rprete, m\u00fasico, te ayudo a interpretar.<\/span>\n<span class=\"qodef-accordion-mark\">\n\t<svg class=\"qodef-svg--simple-button\" xmlns=\"http:\/\/www.w3.org\/2000\/svg\"\n     xmlns:xlink=\"http:\/\/www.w3.org\/1999\/xlink\" x=\"0px\" y=\"0px\" viewBox=\"0 0 70 70\"\n     style=\"enable-background:new 0 0 70 70;\" xml:space=\"preserve\"><g><line x1=\"29.6\" y1=\"39.9\" x2=\"39.6\" y2=\"29.9\"\/><polyline points=\"34.1,29.4 40.1,29.4 40.1,35.4\"\/><\/g><circle cx=\"35\" cy=\"35\" r=\"28\"\/><\/svg><\/span>\n<\/h5>\n<div class=\"qodef-accordion-content\">\n\t<div class=\"qodef-accordion-content-inner\">\n\t\t<ul><li>Identificar y afirmar tu personalidad esc\u00e9nica<\/li><li>Trabajar tu presencia en el escenario<\/li><li>Ejercer tu cuerpo a subir al escenario, a expresarse libremente<\/li><li>Reforzar tu complicidad con los miembros del grupo<\/li><li>Aprender a usar el espacio, jugar con el, sentirte como en casa<\/li><li>Jugar, divertirnos, disfrutar el escenario<\/li><li>Aclarar las intenciones del texto, entenderlo, hacer que sea tuyo<\/li><li>Trabajar la correcta interpretaci\u00f3n, transmitir tus emociones<\/li><li>Desarrollar tus habilidades de comunicaci\u00f3n trabajando en tus gestos, tu manera de decir, de mirar y de hablar al p\u00fablico<\/li><li>Dise\u00f1ar tus puestas en escena<\/li><li>Estudiar tus actuaciones en p\u00fablico y mejorarlas durante los ensayos<\/li><li>\u00a0<\/li><\/ul>\t<\/div>\n<\/div>\n<h5 class=\"qodef-accordion-title\">\n<span class=\"qodef-tab-title\">Grupo de m\u00fasica, miembros de grupo,<\/span>\n<span class=\"qodef-accordion-mark\">\n\t<svg class=\"qodef-svg--simple-button\" xmlns=\"http:\/\/www.w3.org\/2000\/svg\"\n     xmlns:xlink=\"http:\/\/www.w3.org\/1999\/xlink\" x=\"0px\" y=\"0px\" viewBox=\"0 0 70 70\"\n     style=\"enable-background:new 0 0 70 70;\" xml:space=\"preserve\"><g><line x1=\"29.6\" y1=\"39.9\" x2=\"39.6\" y2=\"29.9\"\/><polyline points=\"34.1,29.4 40.1,29.4 40.1,35.4\"\/><\/g><circle cx=\"35\" cy=\"35\" r=\"28\"\/><\/svg><\/span>\n<\/h5>\n<div class=\"qodef-accordion-content\">\n\t<div class=\"qodef-accordion-content-inner\">\n\t\t<ul><li>Trabajar el repertorio de vuestros conciertos desde diferentes puntos de vista : elecci\u00f3n y orden de las piezas, significado de las letras, arreglos musicales, puesta en escena, t\u00e9cnica...<\/li><li>Identificar y afirmar la personalidad de vuestro grupo<\/li><li>Desarrollar la solidaridad, armon\u00eda y cohesi\u00f3n dentro del grupo<\/li><li>Aumentar vuestra audacia, perseverancia y determinaci\u00f3n<\/li><li>\u00a0<\/li><\/ul>\t<\/div>\n<\/div>\n<\/div>\n\t\t\t\t<\/div>\n\t\t\t\t<\/div>\n\t\t\t\t\t<\/div>\n\t\t<\/div>\n\t\t\t\t\t<\/div>\n\t\t<\/section>\n\t\t\t\t<\/div>\n\t\t","protected":false},"excerpt":{"rendered":"<p>Coach artistico Ayudo el artista profesional o amateur a trabajar sobre un escenario y en los diferentes sectores que tiene que dominar (plan de comunicaci\u00f3n, estrategia comercial, organizaci\u00f3n administrativa \u2026). Tu proyecto musical Estudiar si tu proyecto es t\u00e9cnicamente factible y econ\u00f3micamente viable Determinar tu enfoque art\u00edstico (trayectoria, intenciones, objetivos de creaci\u00f3n y de producci\u00f3n) [&hellip;]<\/p>\n","protected":false},"author":1,"featured_media":0,"parent":0,"menu_order":0,"comment_status":"closed","ping_status":"closed","template":"","meta":{"footnotes":""},"class_list":["post-9241","page","type-page","status-publish","hentry"],"yoast_head":"<!-- This site is optimized with the Yoast SEO plugin v27.3 - https:\/\/yoast.com\/product\/yoast-seo-wordpress\/ -->\n<title>Coach &#8226; Kalapita Produkzioak<\/title>\n<meta name=\"robots\" content=\"index, follow, max-snippet:-1, max-image-preview:large, max-video-preview:-1\" \/>\n<link rel=\"canonical\" href=\"https:\/\/kalapitaprod.com\/coaching\/\" \/>\n<meta property=\"og:locale\" content=\"es_ES\" \/>\n<meta property=\"og:type\" content=\"article\" \/>\n<meta property=\"og:title\" content=\"Coach &#8226; Kalapita Produkzioak\" \/>\n<meta property=\"og:description\" content=\"Coach artistico Ayudo el artista profesional o amateur a trabajar sobre un escenario y en los diferentes sectores que tiene que dominar (plan de comunicaci\u00f3n, estrategia comercial, organizaci\u00f3n administrativa \u2026). Tu proyecto musical Estudiar si tu proyecto es t\u00e9cnicamente factible y econ\u00f3micamente viable Determinar tu enfoque art\u00edstico (trayectoria, intenciones, objetivos de creaci\u00f3n y de producci\u00f3n) [&hellip;]\" \/>\n<meta property=\"og:url\" content=\"https:\/\/kalapitaprod.com\/coaching\/\" \/>\n<meta property=\"og:site_name\" content=\"Kalapita Produkzioak\" \/>\n<meta property=\"article:publisher\" content=\"https:\/\/www.facebook.com\/kalapitaprod\/\" \/>\n<meta property=\"article:modified_time\" content=\"2022-06-08T08:56:24+00:00\" \/>\n<meta property=\"og:image\" content=\"https:\/\/kalapitaprod.com\/wp-content\/uploads\/2022\/05\/coach-artistique-kalapita-prod.jpg\" \/>\n<meta name=\"twitter:card\" content=\"summary_large_image\" \/>\n<meta name=\"twitter:label1\" content=\"Tiempo de lectura\" \/>\n\t<meta name=\"twitter:data1\" content=\"2 minutos\" \/>\n<script type=\"application\/ld+json\" class=\"yoast-schema-graph\">{\"@context\":\"https:\\\/\\\/schema.org\",\"@graph\":[{\"@type\":\"WebPage\",\"@id\":\"https:\\\/\\\/kalapitaprod.com\\\/coaching\\\/\",\"url\":\"https:\\\/\\\/kalapitaprod.com\\\/coaching\\\/\",\"name\":\"Coach &#8226; Kalapita Produkzioak\",\"isPartOf\":{\"@id\":\"https:\\\/\\\/kalapitaprod.com\\\/#website\"},\"primaryImageOfPage\":{\"@id\":\"https:\\\/\\\/kalapitaprod.com\\\/coaching\\\/#primaryimage\"},\"image\":{\"@id\":\"https:\\\/\\\/kalapitaprod.com\\\/coaching\\\/#primaryimage\"},\"thumbnailUrl\":\"https:\\\/\\\/kalapitaprod.com\\\/wp-content\\\/uploads\\\/2022\\\/05\\\/coach-artistique-kalapita-prod.jpg\",\"datePublished\":\"2022-05-17T18:44:19+00:00\",\"dateModified\":\"2022-06-08T08:56:24+00:00\",\"breadcrumb\":{\"@id\":\"https:\\\/\\\/kalapitaprod.com\\\/coaching\\\/#breadcrumb\"},\"inLanguage\":\"es\",\"potentialAction\":[{\"@type\":\"ReadAction\",\"target\":[\"https:\\\/\\\/kalapitaprod.com\\\/coaching\\\/\"]}]},{\"@type\":\"ImageObject\",\"inLanguage\":\"es\",\"@id\":\"https:\\\/\\\/kalapitaprod.com\\\/coaching\\\/#primaryimage\",\"url\":\"https:\\\/\\\/kalapitaprod.com\\\/wp-content\\\/uploads\\\/2022\\\/05\\\/coach-artistique-kalapita-prod.jpg\",\"contentUrl\":\"https:\\\/\\\/kalapitaprod.com\\\/wp-content\\\/uploads\\\/2022\\\/05\\\/coach-artistique-kalapita-prod.jpg\"},{\"@type\":\"BreadcrumbList\",\"@id\":\"https:\\\/\\\/kalapitaprod.com\\\/coaching\\\/#breadcrumb\",\"itemListElement\":[{\"@type\":\"ListItem\",\"position\":1,\"name\":\"Accueil\",\"item\":\"https:\\\/\\\/kalapitaprod.com\\\/\"},{\"@type\":\"ListItem\",\"position\":2,\"name\":\"Coach\"}]},{\"@type\":\"WebSite\",\"@id\":\"https:\\\/\\\/kalapitaprod.com\\\/#website\",\"url\":\"https:\\\/\\\/kalapitaprod.com\\\/\",\"name\":\"Kalapita Produkzioak\",\"description\":\"Thierry Biscary\",\"publisher\":{\"@id\":\"https:\\\/\\\/kalapitaprod.com\\\/#organization\"},\"potentialAction\":[{\"@type\":\"SearchAction\",\"target\":{\"@type\":\"EntryPoint\",\"urlTemplate\":\"https:\\\/\\\/kalapitaprod.com\\\/?s={search_term_string}\"},\"query-input\":{\"@type\":\"PropertyValueSpecification\",\"valueRequired\":true,\"valueName\":\"search_term_string\"}}],\"inLanguage\":\"es\"},{\"@type\":\"Organization\",\"@id\":\"https:\\\/\\\/kalapitaprod.com\\\/#organization\",\"name\":\"Kalapita Produkzioak\",\"url\":\"https:\\\/\\\/kalapitaprod.com\\\/\",\"logo\":{\"@type\":\"ImageObject\",\"inLanguage\":\"es\",\"@id\":\"https:\\\/\\\/kalapitaprod.com\\\/#\\\/schema\\\/logo\\\/image\\\/\",\"url\":\"https:\\\/\\\/kalapitaprod.com\\\/wp-content\\\/uploads\\\/2018\\\/03\\\/Logo-Kalapita-eus.png\",\"contentUrl\":\"https:\\\/\\\/kalapitaprod.com\\\/wp-content\\\/uploads\\\/2018\\\/03\\\/Logo-Kalapita-eus.png\",\"width\":300,\"height\":83,\"caption\":\"Kalapita Produkzioak\"},\"image\":{\"@id\":\"https:\\\/\\\/kalapitaprod.com\\\/#\\\/schema\\\/logo\\\/image\\\/\"},\"sameAs\":[\"https:\\\/\\\/www.facebook.com\\\/kalapitaprod\\\/\"]}]}<\/script>\n<!-- \/ Yoast SEO plugin. -->","yoast_head_json":{"title":"Coach &#8226; Kalapita Produkzioak","robots":{"index":"index","follow":"follow","max-snippet":"max-snippet:-1","max-image-preview":"max-image-preview:large","max-video-preview":"max-video-preview:-1"},"canonical":"https:\/\/kalapitaprod.com\/coaching\/","og_locale":"es_ES","og_type":"article","og_title":"Coach &#8226; Kalapita Produkzioak","og_description":"Coach artistico Ayudo el artista profesional o amateur a trabajar sobre un escenario y en los diferentes sectores que tiene que dominar (plan de comunicaci\u00f3n, estrategia comercial, organizaci\u00f3n administrativa \u2026). Tu proyecto musical Estudiar si tu proyecto es t\u00e9cnicamente factible y econ\u00f3micamente viable Determinar tu enfoque art\u00edstico (trayectoria, intenciones, objetivos de creaci\u00f3n y de producci\u00f3n) [&hellip;]","og_url":"https:\/\/kalapitaprod.com\/coaching\/","og_site_name":"Kalapita Produkzioak","article_publisher":"https:\/\/www.facebook.com\/kalapitaprod\/","article_modified_time":"2022-06-08T08:56:24+00:00","og_image":[{"url":"https:\/\/kalapitaprod.com\/wp-content\/uploads\/2022\/05\/coach-artistique-kalapita-prod.jpg","type":"","width":"","height":""}],"twitter_card":"summary_large_image","twitter_misc":{"Tiempo de lectura":"2 minutos"},"schema":{"@context":"https:\/\/schema.org","@graph":[{"@type":"WebPage","@id":"https:\/\/kalapitaprod.com\/coaching\/","url":"https:\/\/kalapitaprod.com\/coaching\/","name":"Coach &#8226; Kalapita Produkzioak","isPartOf":{"@id":"https:\/\/kalapitaprod.com\/#website"},"primaryImageOfPage":{"@id":"https:\/\/kalapitaprod.com\/coaching\/#primaryimage"},"image":{"@id":"https:\/\/kalapitaprod.com\/coaching\/#primaryimage"},"thumbnailUrl":"https:\/\/kalapitaprod.com\/wp-content\/uploads\/2022\/05\/coach-artistique-kalapita-prod.jpg","datePublished":"2022-05-17T18:44:19+00:00","dateModified":"2022-06-08T08:56:24+00:00","breadcrumb":{"@id":"https:\/\/kalapitaprod.com\/coaching\/#breadcrumb"},"inLanguage":"es","potentialAction":[{"@type":"ReadAction","target":["https:\/\/kalapitaprod.com\/coaching\/"]}]},{"@type":"ImageObject","inLanguage":"es","@id":"https:\/\/kalapitaprod.com\/coaching\/#primaryimage","url":"https:\/\/kalapitaprod.com\/wp-content\/uploads\/2022\/05\/coach-artistique-kalapita-prod.jpg","contentUrl":"https:\/\/kalapitaprod.com\/wp-content\/uploads\/2022\/05\/coach-artistique-kalapita-prod.jpg"},{"@type":"BreadcrumbList","@id":"https:\/\/kalapitaprod.com\/coaching\/#breadcrumb","itemListElement":[{"@type":"ListItem","position":1,"name":"Accueil","item":"https:\/\/kalapitaprod.com\/"},{"@type":"ListItem","position":2,"name":"Coach"}]},{"@type":"WebSite","@id":"https:\/\/kalapitaprod.com\/#website","url":"https:\/\/kalapitaprod.com\/","name":"Kalapita Produkzioak","description":"Thierry Biscary","publisher":{"@id":"https:\/\/kalapitaprod.com\/#organization"},"potentialAction":[{"@type":"SearchAction","target":{"@type":"EntryPoint","urlTemplate":"https:\/\/kalapitaprod.com\/?s={search_term_string}"},"query-input":{"@type":"PropertyValueSpecification","valueRequired":true,"valueName":"search_term_string"}}],"inLanguage":"es"},{"@type":"Organization","@id":"https:\/\/kalapitaprod.com\/#organization","name":"Kalapita Produkzioak","url":"https:\/\/kalapitaprod.com\/","logo":{"@type":"ImageObject","inLanguage":"es","@id":"https:\/\/kalapitaprod.com\/#\/schema\/logo\/image\/","url":"https:\/\/kalapitaprod.com\/wp-content\/uploads\/2018\/03\/Logo-Kalapita-eus.png","contentUrl":"https:\/\/kalapitaprod.com\/wp-content\/uploads\/2018\/03\/Logo-Kalapita-eus.png","width":300,"height":83,"caption":"Kalapita Produkzioak"},"image":{"@id":"https:\/\/kalapitaprod.com\/#\/schema\/logo\/image\/"},"sameAs":["https:\/\/www.facebook.com\/kalapitaprod\/"]}]}},"_links":{"self":[{"href":"https:\/\/kalapitaprod.com\/es\/wp-json\/wp\/v2\/pages\/9241","targetHints":{"allow":["GET"]}}],"collection":[{"href":"https:\/\/kalapitaprod.com\/es\/wp-json\/wp\/v2\/pages"}],"about":[{"href":"https:\/\/kalapitaprod.com\/es\/wp-json\/wp\/v2\/types\/page"}],"author":[{"embeddable":true,"href":"https:\/\/kalapitaprod.com\/es\/wp-json\/wp\/v2\/users\/1"}],"replies":[{"embeddable":true,"href":"https:\/\/kalapitaprod.com\/es\/wp-json\/wp\/v2\/comments?post=9241"}],"version-history":[{"count":7,"href":"https:\/\/kalapitaprod.com\/es\/wp-json\/wp\/v2\/pages\/9241\/revisions"}],"predecessor-version":[{"id":9628,"href":"https:\/\/kalapitaprod.com\/es\/wp-json\/wp\/v2\/pages\/9241\/revisions\/9628"}],"wp:attachment":[{"href":"https:\/\/kalapitaprod.com\/es\/wp-json\/wp\/v2\/media?parent=9241"}],"curies":[{"name":"wp","href":"https:\/\/api.w.org\/{rel}","templated":true}]}}